{"id":1085,"date":"2025-10-31T21:36:25","date_gmt":"2025-10-31T21:36:25","guid":{"rendered":"https:\/\/portes3amigosmadrid.com\/?page_id=1085"},"modified":"2025-11-03T17:56:39","modified_gmt":"2025-11-03T17:56:39","slug":"mudanza-en-fuencarral","status":"publish","type":"page","link":"https:\/\/portes3amigosmadrid.com\/en\/mudanza-en-fuencarral\/","title":{"rendered":"Mudanza en Fuencarral"},"content":{"rendered":"<h1>Portes baratos en portes Fuencarral<\/h1>\n<ul>\n<li>\n\t\t\t\t\t\t\t\t\t\tMudanzas r\u00e1pidas y seguras\n\t\t\t\t\t\t\t\t\t<\/li>\n<li>\n\t\t\t\t\t\t\t<svg aria-hidden=\"true\" viewbox=\"0 0 256 512\" xmlns=\"http:\/\/www.w3.org\/2000\/svg\"><path d=\"M224.3 273l-136 136c-9.4 9.4-24.6 9.4-33.9 0l-22.6-22.6c-9.4-9.4-9.4-24.6 0-33.9l96.4-96.4-96.4-96.4c-9.4-9.4-9.4-24.6 0-33.9L54.3 103c9.4-9.4 24.6-9.4 33.9 0l136 136c9.5 9.4 9.5 24.6.1 34z\"><\/path><\/svg>\n\t\t\t\t\t\t\t\t\t<\/li>\n<\/ul>\n<p>\t\t\t\t\t\t\t\ud83d\udefb Portes baratos para particulares y empresas\t\t\t\t\t<\/p>\n<h2>Portes baratos en portes Usera con profesionales de confianza<\/h2>\n<p>En Portes 3 Amigos Madrid ofrecemos un servicio profesional de portes y mudanzas en Mudanza Fuencarral , adaptado a tus necesidades. Nos encargamos de trasladar muebles, electrodom\u00e9sticos, cajas y todo tipo de enseres con el m\u00e1ximo cuidado y puntualidad.<\/p>\n<p>Conocemos perfectamente las calles y accesos deportes Fuencarral, lo que nos permite ofrecerte un servicio r\u00e1pido, econ\u00f3mico y sin contratiempos.<\/p>\n<p>\t\t\t\t\t\t\t\t<a href=\"#\"><br \/>\n\t\t\t\t\t\t\t\t\tCONTACTANOS<br \/>\n\t\t\t\t\t<\/a><br \/>\n\t\t\t\t\t\t\t\t\t\t\t\t\t\t\t\t\t\t\t<img decoding=\"async\" src=\"https:\/\/portes3amigosmadrid.com\/wp-content\/uploads\/elementor\/thumbs\/courier-standing-in-cafe-1-rcw2tkun79uvrwux9xw5xfowo4btc4bgu4uh6e7bps.jpg\" title=\"courier-standing-in-cafe-1.jpg\" alt=\"courier-standing-in-cafe-1.jpg\" loading=\"lazy\" \/>\t\t\t\t\t\t\t\t\t\t\t\t\t\t\t\t\t\t<\/p>\n<h5>\n\t\t\t\t\t\t\tCONFIANZA<br \/>\n\t\t\t\t\t<\/h5>\n<p>\n\t\t\t\t\t\t\u201cSomos m\u00e1s que transportistas: somos tu equipo de confianza para hacer tu cambio r\u00e1pido, econ\u00f3mico y sin estr\u00e9s.\u201d\t\t\t\t\t<\/p>\n<h5>\n\t\t\t\t\t\t\tCOMPROMISO<br \/>\n\t\t\t\t\t<\/h5>\n<p>\n\t\t\t\t\t\t\u201cNuestro compromiso es simple: puntualidad, buen precio y cuidado profesional en cada porte o mudanza.\u201d\t\t\t\t\t<\/p>\n<h5>\n\t\t\t\t\t\t\tLets Talk Now<br \/>\n\t\t\t\t\t<\/h5>\n<p>\n\t\t\t\t\t\t( +62 ) 123 456 789\t\t\t\t\t<\/p>\n<p>\t\t\t\t\t\t\tTu confianza se gana con un buen servicio.\t\t\t\t\t<\/p>\n<h2>Portes peque\u00f1as o completas en Mudanza en Fuencarral \u2013 \u00a1Nos ocupamos de todo!<\/h2>\n<p>\u201cNuestro compromiso es simple: puntualidad, buen precio y cuidado profesional en cada porte o mudanza.\u201d<\/p>\n<p>\t\t\t\t<svg aria-hidden=\"true\" viewbox=\"0 0 448 512\" xmlns=\"http:\/\/www.w3.org\/2000\/svg\"><path d=\"M436 160H12c-6.627 0-12-5.373-12-12v-36c0-26.51 21.49-48 48-48h48V12c0-6.627 5.373-12 12-12h40c6.627 0 12 5.373 12 12v52h128V12c0-6.627 5.373-12 12-12h40c6.627 0 12 5.373 12 12v52h48c26.51 0 48 21.49 48 48v36c0 6.627-5.373 12-12 12zM12 192h424c6.627 0 12 5.373 12 12v260c0 26.51-21.49 48-48 48H48c-26.51 0-48-21.49-48-48V204c0-6.627 5.373-12 12-12zm333.296 95.947l-28.169-28.398c-4.667-4.705-12.265-4.736-16.97-.068L194.12 364.665l-45.98-46.352c-4.667-4.705-12.266-4.736-16.971-.068l-28.397 28.17c-4.705 4.667-4.736 12.265-.068 16.97l82.601 83.269c4.667 4.705 12.265 4.736 16.97.068l142.953-141.805c4.705-4.667 4.736-12.265.068-16.97z\"><\/path><\/svg>\t\t\t\t<\/p>\n<h4>\n\t\t\t\t\t\t\tPrecios claros, sin sorpresas ni comisiones ocultas<br \/>\n\t\t\t\t\t<\/h4>\n<p>\t\t\t\t<svg aria-hidden=\"true\" viewbox=\"0 0 640 512\" xmlns=\"http:\/\/www.w3.org\/2000\/svg\"><path d=\"M496 224c-79.59 0-144 64.41-144 144s64.41 144 144 144 144-64.41 144-144-64.41-144-144-144zm64 150.29c0 5.34-4.37 9.71-9.71 9.71h-60.57c-5.34 0-9.71-4.37-9.71-9.71v-76.57c0-5.34 4.37-9.71 9.71-9.71h12.57c5.34 0 9.71 4.37 9.71 9.71V352h38.29c5.34 0 9.71 4.37 9.71 9.71v12.58zM496 192c5.4 0 10.72.33 16 .81V144c0-25.6-22.4-48-48-48h-80V48c0-25.6-22.4-48-48-48H176c-25.6 0-48 22.4-48 48v48H48c-25.6 0-48 22.4-48 48v80h395.12c28.6-20.09 63.35-32 100.88-32zM320 96H192V64h128v32zm6.82 224H208c-8.84 0-16-7.16-16-16v-48H0v144c0 25.6 22.4 48 48 48h291.43C327.1 423.96 320 396.82 320 368c0-16.66 2.48-32.72 6.82-48z\"><\/path><\/svg>\t\t\t\t<\/p>\n<h4>\n\t\t\t\t\t\t\tAtenci\u00f3n personalizada para vecinos de mudanza Fuencarral<br \/>\n\t\t\t\t\t<\/h4>\n<p>\t\t\t\t<svg aria-hidden=\"true\" viewbox=\"0 0 640 512\" xmlns=\"http:\/\/www.w3.org\/2000\/svg\"><path d=\"M208 352c-2.39 0-4.78.35-7.06 1.09C187.98 357.3 174.35 360 160 360c-14.35 0-27.98-2.7-40.95-6.91-2.28-.74-4.66-1.09-7.05-1.09C49.94 352-.33 402.48 0 464.62.14 490.88 21.73 512 48 512h224c26.27 0 47.86-21.12 48-47.38.33-62.14-49.94-112.62-112-112.62zm-48-32c53.02 0 96-42.98 96-96s-42.98-96-96-96-96 42.98-96 96 42.98 96 96 96zM592 0H208c-26.47 0-48 22.25-48 49.59V96c23.42 0 45.1 6.78 64 17.8V64h352v288h-64v-64H384v64h-76.24c19.1 16.69 33.12 38.73 39.69 64H592c26.47 0 48-22.25 48-49.59V49.59C640 22.25 618.47 0 592 0z\"><\/path><\/svg>\t\t\t\t<\/p>\n<h4>\n\t\t\t\t\t\t\tVeh\u00edculos adaptados a cualquier tipo de porte<br \/>\n\t\t\t\t\t<\/h4>\n<p>\t\t\t\t\t\t\tUsually Asked Question\t\t\t\t\t<\/p>\n<h2>Preguntas Frecuentes de Nuestros Clientes <\/h2>\n<p>En esta secci\u00f3n respondemos a las dudas m\u00e1s comunes que nos plantean nuestros clientes. Esperamos que esta informaci\u00f3n le sea de utilidad.<\/p>\n<p>\t\t\t\t\t\t\t\t<a href=\"#\"><br \/>\n\t\t\t\t\t\t\t\t\tcomunicate con nosotros<br \/>\n\t\t\t\t\t<\/a><br \/>\n\t\t\t\t\t\t\t\t\t\t\t\t\t\t\t<svg viewbox=\"0 0 448 512\" xmlns=\"http:\/\/www.w3.org\/2000\/svg\"><path d=\"M416 208H272V64c0-17.67-14.33-32-32-32h-32c-17.67 0-32 14.33-32 32v144H32c-17.67 0-32 14.33-32 32v32c0 17.67 14.33 32 32 32h144v144c0 17.67 14.33 32 32 32h32c17.67 0 32-14.33 32-32V304h144c17.67 0 32-14.33 32-32v-32c0-17.67-14.33-32-32-32z\"><\/path><\/svg><br \/>\n\t\t\t\t\t\t\t\t<svg viewbox=\"0 0 448 512\" xmlns=\"http:\/\/www.w3.org\/2000\/svg\"><path d=\"M416 208H32c-17.67 0-32 14.33-32 32v32c0 17.67 14.33 32 32 32h384c17.67 0 32-14.33 32-32v-32c0-17.67-14.33-32-32-32z\"><\/path><\/svg><br \/>\n\t\t\t\t\t\t\t\t\t\t\t\t<a tabindex=\"0\">\u00bfOfrecen realmente portes baratas en  Fuencarral sin comprometer la calidad?<\/a><\/p>\n<p>Absolutamente. En Portes 3 Amigos Madrid combinamos precios competitivos con servicio profesional. Gracias a nuestros m\u00e1s de 10 a\u00f1os de experiencia y m\u00e1s de 100 servicios entregados en 20+ distritos de Madrid, optimizamos rutas y recursos para ofrecer <b>Mudanza<\/b><strong>\u00a0baratas en Fuencarral <\/strong>manteniendo los m\u00e1s altos est\u00e1ndares de cuidado y profesionalismo.<\/p>\n<p>\t\t\t\t\t\t\t\t\t\t\t\t\t\t\t<svg viewbox=\"0 0 448 512\" xmlns=\"http:\/\/www.w3.org\/2000\/svg\"><path d=\"M416 208H272V64c0-17.67-14.33-32-32-32h-32c-17.67 0-32 14.33-32 32v144H32c-17.67 0-32 14.33-32 32v32c0 17.67 14.33 32 32 32h144v144c0 17.67 14.33 32 32 32h32c17.67 0 32-14.33 32-32V304h144c17.67 0 32-14.33 32-32v-32c0-17.67-14.33-32-32-32z\"><\/path><\/svg><br \/>\n\t\t\t\t\t\t\t\t<svg viewbox=\"0 0 448 512\" xmlns=\"http:\/\/www.w3.org\/2000\/svg\"><path d=\"M416 208H32c-17.67 0-32 14.33-32 32v32c0 17.67 14.33 32 32 32h384c17.67 0 32-14.33 32-32v-32c0-17.67-14.33-32-32-32z\"><\/path><\/svg><br \/>\n\t\t\t\t\t\t\t\t\t\t\t\t<a tabindex=\"0\">\u00bfQu\u00e9 tipos de objetos pueden transportar en sus servicios de mudanza?<\/a><\/p>\n<p>Transportamos todo tipo de enseres: muebles, electrodom\u00e9sticos, cajas y objetos personales. Nuestro equipo est\u00e1 especializado en el manejo seguro de pertenencias, tratando cada objeto con el m\u00e1ximo cuidado. Para los\u00a0 <b>Mudanza<\/b><strong>\u00a0baratas en Fuencarral <\/strong>contamos con el equipamiento necesario para proteger sus art\u00edculos durante el traslado<\/p>\n<p>\t\t\t\t\t\t\t\t\t\t\t\t\t\t\t<svg viewbox=\"0 0 448 512\" xmlns=\"http:\/\/www.w3.org\/2000\/svg\"><path d=\"M416 208H272V64c0-17.67-14.33-32-32-32h-32c-17.67 0-32 14.33-32 32v144H32c-17.67 0-32 14.33-32 32v32c0 17.67 14.33 32 32 32h144v144c0 17.67 14.33 32 32 32h32c17.67 0 32-14.33 32-32V304h144c17.67 0 32-14.33 32-32v-32c0-17.67-14.33-32-32-32z\"><\/path><\/svg><br \/>\n\t\t\t\t\t\t\t\t<svg viewbox=\"0 0 448 512\" xmlns=\"http:\/\/www.w3.org\/2000\/svg\"><path d=\"M416 208H32c-17.67 0-32 14.33-32 32v32c0 17.67 14.33 32 32 32h384c17.67 0 32-14.33 32-32v-32c0-17.67-14.33-32-32-32z\"><\/path><\/svg><br \/>\n\t\t\t\t\t\t\t\t\t\t\t\t<a tabindex=\"0\">\u00bfCon qu\u00e9 rapidez pueden realizar un servicio de mudanzas en Fuencarral?<\/a><\/p>\n<p>Ofrecemos soluciones r\u00e1pidas y eficientes. Una vez contactado, coordinamos el servicio en el menor tiempo posible, adapt\u00e1ndonos a sus necesidades. Nuestra experiencia en m\u00e1s de 20 distritos de Madrid nos permite organizar\u00a0<strong>portes baratos en Fuencarral<\/strong>\u00a0de manera \u00e1gil sin sacrificar la calidad del servicio.<\/p>\n<p>\t\t\t\t\t\t\t\t\t\t\t\t\t\t\t<svg viewbox=\"0 0 448 512\" xmlns=\"http:\/\/www.w3.org\/2000\/svg\"><path d=\"M416 208H272V64c0-17.67-14.33-32-32-32h-32c-17.67 0-32 14.33-32 32v144H32c-17.67 0-32 14.33-32 32v32c0 17.67 14.33 32 32 32h144v144c0 17.67 14.33 32 32 32h32c17.67 0 32-14.33 32-32V304h144c17.67 0 32-14.33 32-32v-32c0-17.67-14.33-32-32-32z\"><\/path><\/svg><br \/>\n\t\t\t\t\t\t\t\t<svg viewbox=\"0 0 448 512\" xmlns=\"http:\/\/www.w3.org\/2000\/svg\"><path d=\"M416 208H32c-17.67 0-32 14.33-32 32v32c0 17.67 14.33 32 32 32h384c17.67 0 32-14.33 32-32v-32c0-17.67-14.33-32-32-32z\"><\/path><\/svg><br \/>\n\t\t\t\t\t\t\t\t\t\t\t\t<a tabindex=\"0\">\u00bfQu\u00e9 incluye exactamente el precio de sus mudanzas baratas en Fuencarral?<\/a><\/p>\n<p>Nuestro precio incluye: transporte seguro, personal experimentado, cuidado profesional de sus pertenencias y servicio puerta a puerta. No tenemos cargos ocultos \u2013 ofrecemos transparencia total en nuestros <strong>mudanzas baratas en Fuencarral <\/strong>para que sepa exactamente por qu\u00e9 paga.<\/p>\n<p>\u00bfTiene m\u00e1s preguntas sobre nuestros servicios? Cont\u00e1ctenos al 651058544 o\u00a0<a href=\"https:\/\/mailto:info@portes3amigos.com\/\" target=\"_blank\" rel=\"noopener noreferrer\">info@portes3amigos.com<\/a><\/p>","protected":false},"excerpt":{"rendered":"<p>Portes baratos en portes Fuencarral Mudanzas r\u00e1pidas y seguras \ud83d\udefb Portes baratos para particulares y empresas Portes baratos en portes Usera con profesionales de confianza En Portes 3 Amigos Madrid ofrecemos un servicio profesional de portes y mudanzas en Mudanza Fuencarral , adaptado a tus necesidades. Nos encargamos de trasladar muebles, electrodom\u00e9sticos, cajas y todo [&hellip;]<\/p>\n","protected":false},"author":1,"featured_media":0,"parent":0,"menu_order":0,"comment_status":"closed","ping_status":"closed","template":"","meta":{"footnotes":""},"categories":[10],"tags":[],"class_list":["post-1085","page","type-page","status-publish","hentry","category-mudanzas-madrid"],"yoast_head":"<!-- This site is optimized with the Yoast SEO plugin v27.4 - https:\/\/yoast.com\/product\/yoast-seo-wordpress\/ -->\n<title>Mudanza en Fuencarral - Portes y Mudanzas 3 Amigos Madrid<\/title>\n<meta name=\"description\" content=\"En Portes 3 Amigos Madrid ofrecemos un servicio profesional de portes y mudanzas en Mudanza en Fuencarral , adaptado a tus necesidades.\" \/>\n<meta name=\"robots\" content=\"index, follow, max-snippet:-1, max-image-preview:large, max-video-preview:-1\" \/>\n<link rel=\"canonical\" href=\"https:\/\/portes3amigosmadrid.com\/en\/mudanza-en-fuencarral\/\" \/>\n<meta property=\"og:locale\" content=\"en_US\" \/>\n<meta property=\"og:type\" content=\"article\" \/>\n<meta property=\"og:title\" content=\"Mudanza en Fuencarral - Portes y Mudanzas 3 Amigos Madrid\" \/>\n<meta property=\"og:description\" content=\"En Portes 3 Amigos Madrid ofrecemos un servicio profesional de portes y mudanzas en Mudanza en Fuencarral , adaptado a tus necesidades.\" \/>\n<meta property=\"og:url\" content=\"https:\/\/portes3amigosmadrid.com\/en\/mudanza-en-fuencarral\/\" \/>\n<meta property=\"og:site_name\" content=\"Portes y Mudanzas 3 Amigos Madrid\" \/>\n<meta property=\"article:modified_time\" content=\"2025-11-03T17:56:39+00:00\" \/>\n<meta property=\"og:image\" content=\"https:\/\/portes3amigosmadrid.com\/wp-content\/uploads\/elementor\/thumbs\/courier-standing-in-cafe-1-rcw2tkun79uvrwux9xw5xfowo4btc4bgu4uh6e7bps.jpg\" \/>\n<meta name=\"twitter:card\" content=\"summary_large_image\" \/>\n<meta name=\"twitter:label1\" content=\"Est. reading time\" \/>\n\t<meta name=\"twitter:data1\" content=\"3 minutes\" \/>\n<script type=\"application\/ld+json\" class=\"yoast-schema-graph\">{\"@context\":\"https:\\\/\\\/schema.org\",\"@graph\":[{\"@type\":\"WebPage\",\"@id\":\"https:\\\/\\\/portes3amigosmadrid.com\\\/mudanza-en-fuencarral\\\/\",\"url\":\"https:\\\/\\\/portes3amigosmadrid.com\\\/mudanza-en-fuencarral\\\/\",\"name\":\"Mudanza en Fuencarral - Portes y Mudanzas 3 Amigos Madrid\",\"isPartOf\":{\"@id\":\"https:\\\/\\\/portes3amigosmadrid.com\\\/#website\"},\"primaryImageOfPage\":{\"@id\":\"https:\\\/\\\/portes3amigosmadrid.com\\\/mudanza-en-fuencarral\\\/#primaryimage\"},\"image\":{\"@id\":\"https:\\\/\\\/portes3amigosmadrid.com\\\/mudanza-en-fuencarral\\\/#primaryimage\"},\"thumbnailUrl\":\"https:\\\/\\\/portes3amigosmadrid.com\\\/wp-content\\\/uploads\\\/elementor\\\/thumbs\\\/courier-standing-in-cafe-1-rcw2tkun79uvrwux9xw5xfowo4btc4bgu4uh6e7bps.jpg\",\"datePublished\":\"2025-10-31T21:36:25+00:00\",\"dateModified\":\"2025-11-03T17:56:39+00:00\",\"description\":\"En Portes 3 Amigos Madrid ofrecemos un servicio profesional de portes y mudanzas en Mudanza en Fuencarral , adaptado a tus necesidades.\",\"breadcrumb\":{\"@id\":\"https:\\\/\\\/portes3amigosmadrid.com\\\/mudanza-en-fuencarral\\\/#breadcrumb\"},\"inLanguage\":\"en-US\",\"potentialAction\":[{\"@type\":\"ReadAction\",\"target\":[\"https:\\\/\\\/portes3amigosmadrid.com\\\/mudanza-en-fuencarral\\\/\"]}]},{\"@type\":\"ImageObject\",\"inLanguage\":\"en-US\",\"@id\":\"https:\\\/\\\/portes3amigosmadrid.com\\\/mudanza-en-fuencarral\\\/#primaryimage\",\"url\":\"https:\\\/\\\/portes3amigosmadrid.com\\\/wp-content\\\/uploads\\\/elementor\\\/thumbs\\\/courier-standing-in-cafe-1-rcw2tkun79uvrwux9xw5xfowo4btc4bgu4uh6e7bps.jpg\",\"contentUrl\":\"https:\\\/\\\/portes3amigosmadrid.com\\\/wp-content\\\/uploads\\\/elementor\\\/thumbs\\\/courier-standing-in-cafe-1-rcw2tkun79uvrwux9xw5xfowo4btc4bgu4uh6e7bps.jpg\"},{\"@type\":\"BreadcrumbList\",\"@id\":\"https:\\\/\\\/portes3amigosmadrid.com\\\/mudanza-en-fuencarral\\\/#breadcrumb\",\"itemListElement\":[{\"@type\":\"ListItem\",\"position\":1,\"name\":\"Portada\",\"item\":\"https:\\\/\\\/portes3amigosmadrid.com\\\/\"},{\"@type\":\"ListItem\",\"position\":2,\"name\":\"Mudanza en Fuencarral\"}]},{\"@type\":\"WebSite\",\"@id\":\"https:\\\/\\\/portes3amigosmadrid.com\\\/#website\",\"url\":\"https:\\\/\\\/portes3amigosmadrid.com\\\/\",\"name\":\"3 Amigos Madrid\",\"description\":\"Portes y Mudanzas\",\"publisher\":{\"@id\":\"https:\\\/\\\/portes3amigosmadrid.com\\\/#organization\"},\"potentialAction\":[{\"@type\":\"SearchAction\",\"target\":{\"@type\":\"EntryPoint\",\"urlTemplate\":\"https:\\\/\\\/portes3amigosmadrid.com\\\/?s={search_term_string}\"},\"query-input\":{\"@type\":\"PropertyValueSpecification\",\"valueRequired\":true,\"valueName\":\"search_term_string\"}}],\"inLanguage\":\"en-US\"},{\"@type\":\"Organization\",\"@id\":\"https:\\\/\\\/portes3amigosmadrid.com\\\/#organization\",\"name\":\"3 Amigos Madrid\",\"url\":\"https:\\\/\\\/portes3amigosmadrid.com\\\/\",\"logo\":{\"@type\":\"ImageObject\",\"inLanguage\":\"en-US\",\"@id\":\"https:\\\/\\\/portes3amigosmadrid.com\\\/#\\\/schema\\\/logo\\\/image\\\/\",\"url\":\"https:\\\/\\\/portes3amigosmadrid.com\\\/wp-content\\\/uploads\\\/2025\\\/10\\\/mudanzas-logo-1.png\",\"contentUrl\":\"https:\\\/\\\/portes3amigosmadrid.com\\\/wp-content\\\/uploads\\\/2025\\\/10\\\/mudanzas-logo-1.png\",\"width\":671,\"height\":174,\"caption\":\"3 Amigos Madrid\"},\"image\":{\"@id\":\"https:\\\/\\\/portes3amigosmadrid.com\\\/#\\\/schema\\\/logo\\\/image\\\/\"}}]}<\/script>\n<!-- \/ Yoast SEO plugin. -->","yoast_head_json":{"title":"Mudanza en Fuencarral - Portes y Mudanzas 3 Amigos Madrid","description":"En Portes 3 Amigos Madrid ofrecemos un servicio profesional de portes y mudanzas en Mudanza en Fuencarral , adaptado a tus necesidades.","robots":{"index":"index","follow":"follow","max-snippet":"max-snippet:-1","max-image-preview":"max-image-preview:large","max-video-preview":"max-video-preview:-1"},"canonical":"https:\/\/portes3amigosmadrid.com\/en\/mudanza-en-fuencarral\/","og_locale":"en_US","og_type":"article","og_title":"Mudanza en Fuencarral - Portes y Mudanzas 3 Amigos Madrid","og_description":"En Portes 3 Amigos Madrid ofrecemos un servicio profesional de portes y mudanzas en Mudanza en Fuencarral , adaptado a tus necesidades.","og_url":"https:\/\/portes3amigosmadrid.com\/en\/mudanza-en-fuencarral\/","og_site_name":"Portes y Mudanzas 3 Amigos Madrid","article_modified_time":"2025-11-03T17:56:39+00:00","og_image":[{"url":"https:\/\/portes3amigosmadrid.com\/wp-content\/uploads\/elementor\/thumbs\/courier-standing-in-cafe-1-rcw2tkun79uvrwux9xw5xfowo4btc4bgu4uh6e7bps.jpg","type":"","width":"","height":""}],"twitter_card":"summary_large_image","twitter_misc":{"Est. reading time":"3 minutes"},"schema":{"@context":"https:\/\/schema.org","@graph":[{"@type":"WebPage","@id":"https:\/\/portes3amigosmadrid.com\/mudanza-en-fuencarral\/","url":"https:\/\/portes3amigosmadrid.com\/mudanza-en-fuencarral\/","name":"Mudanza en Fuencarral - Portes y Mudanzas 3 Amigos Madrid","isPartOf":{"@id":"https:\/\/portes3amigosmadrid.com\/#website"},"primaryImageOfPage":{"@id":"https:\/\/portes3amigosmadrid.com\/mudanza-en-fuencarral\/#primaryimage"},"image":{"@id":"https:\/\/portes3amigosmadrid.com\/mudanza-en-fuencarral\/#primaryimage"},"thumbnailUrl":"https:\/\/portes3amigosmadrid.com\/wp-content\/uploads\/elementor\/thumbs\/courier-standing-in-cafe-1-rcw2tkun79uvrwux9xw5xfowo4btc4bgu4uh6e7bps.jpg","datePublished":"2025-10-31T21:36:25+00:00","dateModified":"2025-11-03T17:56:39+00:00","description":"En Portes 3 Amigos Madrid ofrecemos un servicio profesional de portes y mudanzas en Mudanza en Fuencarral , adaptado a tus necesidades.","breadcrumb":{"@id":"https:\/\/portes3amigosmadrid.com\/mudanza-en-fuencarral\/#breadcrumb"},"inLanguage":"en-US","potentialAction":[{"@type":"ReadAction","target":["https:\/\/portes3amigosmadrid.com\/mudanza-en-fuencarral\/"]}]},{"@type":"ImageObject","inLanguage":"en-US","@id":"https:\/\/portes3amigosmadrid.com\/mudanza-en-fuencarral\/#primaryimage","url":"https:\/\/portes3amigosmadrid.com\/wp-content\/uploads\/elementor\/thumbs\/courier-standing-in-cafe-1-rcw2tkun79uvrwux9xw5xfowo4btc4bgu4uh6e7bps.jpg","contentUrl":"https:\/\/portes3amigosmadrid.com\/wp-content\/uploads\/elementor\/thumbs\/courier-standing-in-cafe-1-rcw2tkun79uvrwux9xw5xfowo4btc4bgu4uh6e7bps.jpg"},{"@type":"BreadcrumbList","@id":"https:\/\/portes3amigosmadrid.com\/mudanza-en-fuencarral\/#breadcrumb","itemListElement":[{"@type":"ListItem","position":1,"name":"Portada","item":"https:\/\/portes3amigosmadrid.com\/"},{"@type":"ListItem","position":2,"name":"Mudanza en Fuencarral"}]},{"@type":"WebSite","@id":"https:\/\/portes3amigosmadrid.com\/#website","url":"https:\/\/portes3amigosmadrid.com\/","name":"3 Amigos Madrid","description":"Portes y Mudanzas","publisher":{"@id":"https:\/\/portes3amigosmadrid.com\/#organization"},"potentialAction":[{"@type":"SearchAction","target":{"@type":"EntryPoint","urlTemplate":"https:\/\/portes3amigosmadrid.com\/?s={search_term_string}"},"query-input":{"@type":"PropertyValueSpecification","valueRequired":true,"valueName":"search_term_string"}}],"inLanguage":"en-US"},{"@type":"Organization","@id":"https:\/\/portes3amigosmadrid.com\/#organization","name":"3 Amigos Madrid","url":"https:\/\/portes3amigosmadrid.com\/","logo":{"@type":"ImageObject","inLanguage":"en-US","@id":"https:\/\/portes3amigosmadrid.com\/#\/schema\/logo\/image\/","url":"https:\/\/portes3amigosmadrid.com\/wp-content\/uploads\/2025\/10\/mudanzas-logo-1.png","contentUrl":"https:\/\/portes3amigosmadrid.com\/wp-content\/uploads\/2025\/10\/mudanzas-logo-1.png","width":671,"height":174,"caption":"3 Amigos Madrid"},"image":{"@id":"https:\/\/portes3amigosmadrid.com\/#\/schema\/logo\/image\/"}}]}},"_links":{"self":[{"href":"https:\/\/portes3amigosmadrid.com\/en\/wp-json\/wp\/v2\/pages\/1085","targetHints":{"allow":["GET"]}}],"collection":[{"href":"https:\/\/portes3amigosmadrid.com\/en\/wp-json\/wp\/v2\/pages"}],"about":[{"href":"https:\/\/portes3amigosmadrid.com\/en\/wp-json\/wp\/v2\/types\/page"}],"author":[{"embeddable":true,"href":"https:\/\/portes3amigosmadrid.com\/en\/wp-json\/wp\/v2\/users\/1"}],"replies":[{"embeddable":true,"href":"https:\/\/portes3amigosmadrid.com\/en\/wp-json\/wp\/v2\/comments?post=1085"}],"version-history":[{"count":10,"href":"https:\/\/portes3amigosmadrid.com\/en\/wp-json\/wp\/v2\/pages\/1085\/revisions"}],"predecessor-version":[{"id":1099,"href":"https:\/\/portes3amigosmadrid.com\/en\/wp-json\/wp\/v2\/pages\/1085\/revisions\/1099"}],"wp:attachment":[{"href":"https:\/\/portes3amigosmadrid.com\/en\/wp-json\/wp\/v2\/media?parent=1085"}],"wp:term":[{"taxonomy":"category","embeddable":true,"href":"https:\/\/portes3amigosmadrid.com\/en\/wp-json\/wp\/v2\/categories?post=1085"},{"taxonomy":"post_tag","embeddable":true,"href":"https:\/\/portes3amigosmadrid.com\/en\/wp-json\/wp\/v2\/tags?post=1085"}],"curies":[{"name":"wp","href":"https:\/\/api.w.org\/{rel}","templated":true}]}}